{"id":21852,"date":"2023-01-19T22:42:09","date_gmt":"2023-01-19T22:42:09","guid":{"rendered":"https:\/\/pereiraegago.pt\/?page_id=21852"},"modified":"2024-10-31T16:15:11","modified_gmt":"2024-10-31T16:15:11","slug":"resolucao-alternativa-de-litigios","status":"publish","type":"page","link":"https:\/\/pereiraegago.pt\/en\/resolucao-alternativa-de-litigios\/","title":{"rendered":"Alternative Dispute Resolution"},"content":{"rendered":"<div data-elementor-type=\"wp-post\" data-elementor-id=\"21852\" class=\"elementor elementor-21852\">\n\t\t\t\t\t\t<section class=\"elementor-section elementor-top-section elementor-element elementor-element-ba1bd48 elementor-section-full_width elementor-section-height-min-height elementor-section-height-default elementor-section-items-middle\" data-id=\"ba1bd48\" data-element_type=\"section\" data-e-type=\"section\" data-settings=\"{&quot;background_background&quot;:&quot;classic&quot;}\">\n\t\t\t\t\t\t<div class=\"elementor-container elementor-column-gap-default\">\n\t\t\t\t\t<div class=\"elementor-column elementor-col-100 elementor-top-column elementor-element elementor-element-627910c\" data-id=\"627910c\" data-element_type=\"column\" data-e-type=\"column\">\n\t\t\t<div class=\"elementor-widget-wrap\">\n\t\t\t\t\t\t\t<\/div>\n\t\t<\/div>\n\t\t\t\t\t<\/div>\n\t\t<\/section>\n\t\t\t\t<section class=\"elementor-section elementor-top-section elementor-element elementor-element-6509ce9 elementor-section-boxed elementor-section-height-default elementor-section-height-default\" data-id=\"6509ce9\" data-element_type=\"section\" data-e-type=\"section\" data-settings=\"{&quot;background_background&quot;:&quot;classic&quot;}\">\n\t\t\t\t\t\t<div class=\"elementor-container elementor-column-gap-default\">\n\t\t\t\t\t<div class=\"elementor-column elementor-col-100 elementor-top-column elementor-element elementor-element-bc08349\" data-id=\"bc08349\" data-element_type=\"column\" data-e-type=\"column\">\n\t\t\t<div class=\"elementor-widget-wrap elementor-element-populated\">\n\t\t\t\t\t\t<section class=\"elementor-section elementor-inner-section elementor-element elementor-element-9532897 elementor-section-boxed elementor-section-height-default elementor-section-height-default\" data-id=\"9532897\" data-element_type=\"section\" data-e-type=\"section\">\n\t\t\t\t\t\t<div class=\"elementor-container elementor-column-gap-default\">\n\t\t\t\t\t<div class=\"elementor-column elementor-col-100 elementor-inner-column elementor-element elementor-element-b2625cb\" data-id=\"b2625cb\" data-element_type=\"column\" data-e-type=\"column\">\n\t\t\t<div class=\"elementor-widget-wrap elementor-element-populated\">\n\t\t\t\t\t\t<div class=\"elementor-element elementor-element-1dee642 elementor-widget elementor-widget-heading\" data-id=\"1dee642\" data-element_type=\"widget\" data-e-type=\"widget\" data-widget_type=\"heading.default\">\n\t\t\t\t<div class=\"elementor-widget-container\">\n\t\t\t\t\t<h2 class=\"elementor-heading-title elementor-size-default\">Alternative Dispute Resolution\n<\/h2>\t\t\t\t<\/div>\n\t\t\t\t<\/div>\n\t\t\t\t<div class=\"elementor-element elementor-element-1fe6387 elementor-widget elementor-widget-spacer\" data-id=\"1fe6387\" data-element_type=\"widget\" data-e-type=\"widget\" data-widget_type=\"spacer.default\">\n\t\t\t\t<div class=\"elementor-widget-container\">\n\t\t\t\t\t\t\t<div class=\"elementor-spacer\">\n\t\t\t<div class=\"elementor-spacer-inner\"><\/div>\n\t\t<\/div>\n\t\t\t\t\t\t<\/div>\n\t\t\t\t<\/div>\n\t\t\t\t<div class=\"elementor-element elementor-element-d8ac87c elementor-widget elementor-widget-text-editor\" data-id=\"d8ac87c\" data-element_type=\"widget\" data-e-type=\"widget\" data-widget_type=\"text-editor.default\">\n\t\t\t\t<div class=\"elementor-widget-container\">\n\t\t\t\t\t\t\t\t\t<p class=\"s2\"><strong>Alternative Dispute Resolution Centre<\/strong><\/p><p class=\"s2\">For the purposes of complying with the legal requirement resulting from the application of Law no. 144\/2015 of 8 September, we hereby inform you that Pereira &amp; Gago - Com\u00e9rcio de Autom\u00f3veis, Lda is a member of the alternative dispute resolution centre:<\/p><p class=\"s2\">\u00a0<\/p><p class=\"s2\"><strong>CINNEAC<\/strong> \u2013 Centro Nacional de Informa\u00e7\u00e3o e Arbitragem de Conflitos de Consumo<\/p><p class=\"s2\">Address: Rua D. Afonso Henriques, n.\u00ba1 4700-030 Braga<\/p><p class=\"s2\">Telefone: 253 619 107;<\/p><p class=\"s2\">E-mail: geral@cniacc.pt;<\/p><p class=\"s2\">Website: <a href=\"http:\/\/www.cniacc.pt\/\"><span class=\"s3\">www.cniacc.pt<\/span><\/a><\/p><p class=\"s2\">\u00a0<\/p><p class=\"s2\"><strong>CIMAAL<\/strong> \u2013 Centro de Informa\u00e7\u00e3o, Media\u00e7\u00e3o e Arbitragem de Conflitos de Consumo do Algarve<\/p><p class=\"s2\">Morada: Av\u00aa. 5 de Outubro, n.\u00ba 55, R\/C Dt\u00ba 8000-075 Faro<\/p><p class=\"s2\">Telefone: 289823135<\/p><p class=\"s2\">E-mail: <a href=\"mailto:info@consumoalgarve.pt\"><span class=\"s3\">info@consumoalgarve.pt<\/span><\/a><\/p><p class=\"s2\">Website: <a href=\"http:\/\/www.consumoalgarve.pt\/\"><span class=\"s3\">www.consumoalgarve.pt<\/span><\/a><\/p><p>\u00a0<\/p><p>\u00a0<\/p>\t\t\t\t\t\t\t\t<\/div>\n\t\t\t\t<\/div>\n\t\t\t\t\t<\/div>\n\t\t<\/div>\n\t\t\t\t\t<\/div>\n\t\t<\/section>\n\t\t\t\t\t<\/div>\n\t\t<\/div>\n\t\t\t\t\t<\/div>\n\t\t<\/section>\n\t\t\t\t<\/div>","protected":false},"excerpt":{"rendered":"<p>Resolu\u00e7\u00e3o Alternativa de Lit\u00edgios Centro de Resolu\u00e7\u00e3o Alternativa de Lit\u00edgios Para efeitos de cumprimento da exig\u00eancia legal resultante da aplica\u00e7\u00e3o da Lei n\u00ba 144\/2015 de 8 de setembro, informa-se que a a Pereira &amp; Gago &#8211; Com\u00e9rcio de Autom\u00f3veis, Lda \u00e9 aderente do centro de resolu\u00e7\u00e3o alternativa de lit\u00edgios: \u00a0 CINNEAC \u2013 Centro Nacional de [&hellip;]<\/p>\n","protected":false},"author":2,"featured_media":0,"parent":0,"menu_order":0,"comment_status":"closed","ping_status":"closed","template":"","meta":{"footnotes":""},"class_list":["post-21852","page","type-page","status-publish","hentry"],"aioseo_notices":[],"_links":{"self":[{"href":"https:\/\/pereiraegago.pt\/en\/wp-json\/wp\/v2\/pages\/21852","targetHints":{"allow":["GET"]}}],"collection":[{"href":"https:\/\/pereiraegago.pt\/en\/wp-json\/wp\/v2\/pages"}],"about":[{"href":"https:\/\/pereiraegago.pt\/en\/wp-json\/wp\/v2\/types\/page"}],"author":[{"embeddable":true,"href":"https:\/\/pereiraegago.pt\/en\/wp-json\/wp\/v2\/users\/2"}],"replies":[{"embeddable":true,"href":"https:\/\/pereiraegago.pt\/en\/wp-json\/wp\/v2\/comments?post=21852"}],"version-history":[{"count":0,"href":"https:\/\/pereiraegago.pt\/en\/wp-json\/wp\/v2\/pages\/21852\/revisions"}],"wp:attachment":[{"href":"https:\/\/pereiraegago.pt\/en\/wp-json\/wp\/v2\/media?parent=21852"}],"curies":[{"name":"wp","href":"https:\/\/api.w.org\/{rel}","templated":true}]}}