{"id":21745,"date":"2023-01-17T16:49:23","date_gmt":"2023-01-17T16:49:23","guid":{"rendered":"https:\/\/pereiraegago.pt\/?page_id=21745"},"modified":"2026-03-11T16:43:29","modified_gmt":"2026-03-11T16:43:29","slug":"retoma","status":"publish","type":"page","link":"https:\/\/pereiraegago.pt\/en\/retoma\/","title":{"rendered":"Takeback"},"content":{"rendered":"<div data-elementor-type=\"wp-post\" data-elementor-id=\"21745\" class=\"elementor elementor-21745\">\n\t\t\t\t\t\t<section class=\"elementor-section elementor-top-section elementor-element elementor-element-ba1bd48 elementor-section-full_width elementor-section-height-min-height elementor-section-height-default elementor-section-items-middle\" data-id=\"ba1bd48\" data-element_type=\"section\" data-e-type=\"section\" data-settings=\"{&quot;background_background&quot;:&quot;classic&quot;}\">\n\t\t\t\t\t\t<div class=\"elementor-container elementor-column-gap-default\">\n\t\t\t\t\t<div class=\"elementor-column elementor-col-100 elementor-top-column elementor-element elementor-element-627910c\" data-id=\"627910c\" data-element_type=\"column\" data-e-type=\"column\">\n\t\t\t<div class=\"elementor-widget-wrap\">\n\t\t\t\t\t\t\t<\/div>\n\t\t<\/div>\n\t\t\t\t\t<\/div>\n\t\t<\/section>\n\t\t\t\t<section class=\"elementor-section elementor-top-section elementor-element elementor-element-f224608 elementor-section-boxed elementor-section-height-default elementor-section-height-default\" data-id=\"f224608\" data-element_type=\"section\" data-e-type=\"section\">\n\t\t\t\t\t\t<div class=\"elementor-container elementor-column-gap-default\">\n\t\t\t\t\t<div class=\"elementor-column elementor-col-100 elementor-top-column elementor-element elementor-element-518acf6\" data-id=\"518acf6\" data-element_type=\"column\" data-e-type=\"column\">\n\t\t\t<div class=\"elementor-widget-wrap elementor-element-populated\">\n\t\t\t\t\t\t<div class=\"elementor-element elementor-element-0e2b154 elementor-widget elementor-widget-heading\" data-id=\"0e2b154\" data-element_type=\"widget\" data-e-type=\"widget\" data-widget_type=\"heading.default\">\n\t\t\t\t<div class=\"elementor-widget-container\">\n\t\t\t\t\t<h2 class=\"elementor-heading-title elementor-size-default\">EVALUATE YOUR RECOVERY\n<\/h2>\t\t\t\t<\/div>\n\t\t\t\t<\/div>\n\t\t\t\t<div class=\"elementor-element elementor-element-3013e57 elementor-widget elementor-widget-heading\" data-id=\"3013e57\" data-element_type=\"widget\" data-e-type=\"widget\" data-widget_type=\"heading.default\">\n\t\t\t\t<div class=\"elementor-widget-container\">\n\t\t\t\t\t<h2 class=\"elementor-heading-title elementor-size-default\">NA PEREIRA &amp; GAGO<\/h2>\t\t\t\t<\/div>\n\t\t\t\t<\/div>\n\t\t\t\t\t<\/div>\n\t\t<\/div>\n\t\t\t\t\t<\/div>\n\t\t<\/section>\n\t\t\t\t<section class=\"elementor-section elementor-top-section elementor-element elementor-element-e1c09c1 elementor-section-boxed elementor-section-height-default elementor-section-height-default\" data-id=\"e1c09c1\" data-element_type=\"section\" data-e-type=\"section\">\n\t\t\t\t\t\t<div class=\"elementor-container elementor-column-gap-default\">\n\t\t\t\t\t<div class=\"elementor-column elementor-col-50 elementor-top-column elementor-element elementor-element-f8a1fde\" data-id=\"f8a1fde\" data-element_type=\"column\" data-e-type=\"column\">\n\t\t\t<div class=\"elementor-widget-wrap elementor-element-populated\">\n\t\t\t\t\t\t<div class=\"elementor-element elementor-element-cc7fe11 elementor-widget elementor-widget-text-editor\" data-id=\"cc7fe11\" data-element_type=\"widget\" data-e-type=\"widget\" data-widget_type=\"text-editor.default\">\n\t\t\t\t<div class=\"elementor-widget-container\">\n\t\t\t\t\t\t\t\t\t<p align=\"justify\"><strong>Thinking of trading in your car and getting rid of the old one? Evaluate your trade-in! Contact us, we can help you make the trade-in you want!<br \/><br \/><\/strong><\/p><p align=\"justify\">At the Pereira e Gago dealership we sell all kinds of semi-new and used cars. Our method of\u00a0<b>transparent and professional assessment<\/b>, guarantees that your car will be sold at the fairest possible market price.<br \/><br \/><\/p><p align=\"justify\">Contact us and have your car evaluated for free and without any obligation. Be one of our satisfied customers!<\/p>\t\t\t\t\t\t\t\t<\/div>\n\t\t\t\t<\/div>\n\t\t\t\t\t<\/div>\n\t\t<\/div>\n\t\t\t\t<div class=\"elementor-column elementor-col-50 elementor-top-column elementor-element elementor-element-cc9b950\" data-id=\"cc9b950\" data-element_type=\"column\" data-e-type=\"column\">\n\t\t\t<div class=\"elementor-widget-wrap\">\n\t\t\t\t\t\t\t<\/div>\n\t\t<\/div>\n\t\t\t\t\t<\/div>\n\t\t<\/section>\n\t\t\t\t<section class=\"elementor-section elementor-top-section elementor-element elementor-element-7812585 elementor-section-boxed elementor-section-height-default elementor-section-height-default\" data-id=\"7812585\" data-element_type=\"section\" data-e-type=\"section\" data-settings=\"{&quot;background_background&quot;:&quot;classic&quot;}\">\n\t\t\t\t\t\t<div class=\"elementor-container elementor-column-gap-default\">\n\t\t\t\t\t<div class=\"elementor-column elementor-col-100 elementor-top-column elementor-element elementor-element-859f522\" data-id=\"859f522\" data-element_type=\"column\" data-e-type=\"column\">\n\t\t\t<div class=\"elementor-widget-wrap elementor-element-populated\">\n\t\t\t\t\t\t<section class=\"elementor-section elementor-inner-section elementor-element elementor-element-2afd3fa elementor-section-boxed elementor-section-height-default elementor-section-height-default\" data-id=\"2afd3fa\" data-element_type=\"section\" data-e-type=\"section\">\n\t\t\t\t\t\t<div class=\"elementor-container elementor-column-gap-default\">\n\t\t\t\t\t<div class=\"elementor-column elementor-col-100 elementor-inner-column elementor-element elementor-element-c31dbed\" data-id=\"c31dbed\" data-element_type=\"column\" data-e-type=\"column\">\n\t\t\t<div class=\"elementor-widget-wrap elementor-element-populated\">\n\t\t\t\t\t\t<div class=\"elementor-element elementor-element-e2aca01 elementor-widget elementor-widget-vehica_contact_form_general_widget\" data-id=\"e2aca01\" data-element_type=\"widget\" data-e-type=\"widget\" data-widget_type=\"vehica_contact_form_general_widget.default\">\n\t\t\t\t<div class=\"elementor-widget-container\">\n\t\t\t\t\t<div class=\"vehica-contact-form\">\r\n    \n<div class=\"wpcf7 no-js\" id=\"wpcf7-f23488-o1\" lang=\"en-US\" dir=\"ltr\" data-wpcf7-id=\"23488\">\n<div class=\"screen-reader-response\"><p role=\"status\" aria-live=\"polite\" aria-atomic=\"true\"><\/p> <ul><\/ul><\/div>\n<form action=\"\/en\/wp-json\/wp\/v2\/pages\/21745#wpcf7-f23488-o1\" method=\"post\" class=\"wpcf7-form init\" aria-label=\"Contact form\" enctype=\"multipart\/form-data\" novalidate=\"novalidate\" data-status=\"init\" data-trp-original-action=\"\/en\/wp-json\/wp\/v2\/pages\/21745#wpcf7-f23488-o1\">\n<fieldset class=\"hidden-fields-container\"><input type=\"hidden\" name=\"_wpcf7\" value=\"23488\" \/><input type=\"hidden\" name=\"_wpcf7_version\" value=\"6.1.5\" \/><input type=\"hidden\" name=\"_wpcf7_locale\" value=\"en_US\" \/><input type=\"hidden\" name=\"_wpcf7_unit_tag\" value=\"wpcf7-f23488-o1\" \/><input type=\"hidden\" name=\"_wpcf7_container_post\" value=\"0\" \/><input type=\"hidden\" name=\"_wpcf7_posted_data_hash\" value=\"\" \/><input type=\"hidden\" name=\"_wpcf7cf_hidden_group_fields\" value=\"[]\" \/><input type=\"hidden\" name=\"_wpcf7cf_hidden_groups\" value=\"[]\" \/><input type=\"hidden\" name=\"_wpcf7cf_visible_groups\" value=\"[]\" \/><input type=\"hidden\" name=\"_wpcf7cf_repeaters\" value=\"[]\" \/><input type=\"hidden\" name=\"_wpcf7cf_steps\" value=\"{}\" \/><input type=\"hidden\" name=\"_wpcf7cf_options\" value=\"{&quot;form_id&quot;:23488,&quot;conditions&quot;:[],&quot;settings&quot;:{&quot;animation&quot;:&quot;yes&quot;,&quot;animation_intime&quot;:200,&quot;animation_outtime&quot;:200,&quot;conditions_ui&quot;:&quot;normal&quot;,&quot;notice_dismissed&quot;:false,&quot;notice_dismissed_rollback-cf7-5.7.6&quot;:true,&quot;notice_dismissed_rollback-cf7-5.8.5&quot;:true,&quot;notice_dismissed_rollback-cf7-5.8.7&quot;:true,&quot;notice_dismissed_rollback-cf7-5.9.2&quot;:true,&quot;notice_dismissed_rollback-cf7-5.9.3&quot;:true,&quot;notice_dismissed_rollback-cf7-5.9.4&quot;:true,&quot;notice_dismissed_rollback-cf7-5.9.6&quot;:true,&quot;notice_dismissed_rollback-cf7-5.9.7&quot;:true}}\" \/><input type=\"hidden\" name=\"_wpcf7_recaptcha_response\" value=\"\" \/>\n<\/fieldset>\n<div class=\"row\">\n\t<div class=\"col-md-12 col-sm-12\">\n\t\t<h3 class=\"form-retoma-titulo\"><span class=\"sell-your-car-number\" style=\"color:#E11F26\">1 |<\/span> Car Information\n\t\t<\/h3>\n\t\t<p>The details of your automobile.\n\t\t<\/p>\n\t<\/div>\n<\/div>\n<div class=\"row stm-forms-sm\">\n\t<div class=\"col-md-4 col-sm-4\">\n\t\t<div class=\"form-group\">\n\t\t\t<div class=\"form-label-small\">\n\t\t\t\t<p>Car brand <sup>*<\/sup>\n\t\t\t\t<\/p>\n\t\t\t<\/div>\n\t\t\t<p><span class=\"wpcf7-form-control-wrap\" data-name=\"marca\"><input size=\"40\" maxlength=\"400\" class=\"wpcf7-form-control wpcf7-text wpcf7-validates-as-required\" aria-required=\"true\" aria-invalid=\"false\" placeholder=\"For example: Audi\" value=\"\" type=\"text\" name=\"marca\" \/><\/span>\n\t\t\t<\/p>\n\t\t<\/div>\n\t<\/div>\n\t<div class=\"col-md-4 col-sm-4\">\n\t\t<div class=\"form-group\">\n\t\t\t<div class=\"form-label-small\">\n\t\t\t\t<p>Car model\n\t\t\t\t<\/p>\n\t\t\t<\/div>\n\t\t\t<p><span class=\"wpcf7-form-control-wrap\" data-name=\"modelo\"><input size=\"40\" maxlength=\"400\" class=\"wpcf7-form-control wpcf7-text\" aria-invalid=\"false\" placeholder=\"For example: A3\" value=\"\" type=\"text\" name=\"modelo\" \/><\/span>\n\t\t\t<\/p>\n\t\t<\/div>\n\t<\/div>\n\t<div class=\"col-md-4 col-sm-4\">\n\t\t<div class=\"form-group\">\n\t\t\t<div class=\"form-label-small\">\n\t\t\t\t<p>License plate number <sup>*<\/sup>\n\t\t\t\t<\/p>\n\t\t\t<\/div>\n\t\t\t<p><span class=\"wpcf7-form-control-wrap\" data-name=\"matricula\"><input size=\"40\" maxlength=\"400\" class=\"wpcf7-form-control wpcf7-text wpcf7-validates-as-required\" aria-required=\"true\" aria-invalid=\"false\" placeholder=\"Format: 11-AA-22\" value=\"\" type=\"text\" name=\"matricula\" \/><\/span>\n\t\t\t<\/p>\n\t\t<\/div>\n\t<\/div>\n\t<div class=\"col-md-4 col-sm-4\">\n\t\t<div class=\"form-group\">\n\t\t\t<div class=\"form-label-small\">\n\t\t\t\t<p>Date of first registration\n\t\t\t\t<\/p>\n\t\t\t<\/div>\n\t\t\t<p><span class=\"wpcf7-form-control-wrap\" data-name=\"data-primeiro-registo\"><input size=\"40\" maxlength=\"400\" class=\"wpcf7-form-control wpcf7-text\" aria-invalid=\"false\" placeholder=\"Format: DD\/MM\/YYYY\" value=\"\" type=\"text\" name=\"data-primeiro-registo\" \/><\/span>\n\t\t\t<\/p>\n\t\t<\/div>\n\t<\/div>\n\t<div class=\"col-md-4 col-sm-4\">\n\t\t<div class=\"form-group\">\n\t\t\t<div class=\"form-label-small\">\n\t\t\t\t<p>Type of fuel\n\t\t\t\t<\/p>\n\t\t\t<\/div>\n\t\t\t<p><span class=\"wpcf7-form-control-wrap\" data-name=\"tipo-combustivel\"><select class=\"wpcf7-form-control wpcf7-select\" aria-invalid=\"false\" name=\"tipo-combustivel\"><option value=\"\">&#8212;Please choose an option&#8212;<\/option><option value=\"Gasolina\">Gasoline<\/option><option value=\"Diesel\">Diesel fuel<\/option><option value=\"H\u00edbrido (Gasolina)\">H\u00edbrido (Gasolina)<\/option><option value=\"H\u00edbrido (Diesel)\">H\u00edbrido (Diesel)<\/option><option value=\"El\u00e9ctrico\">El\u00e9ctrico<\/option><\/select><\/span>\n\t\t\t<\/p>\n\t\t<\/div>\n\t<\/div>\n\t<div class=\"col-md-4 col-sm-4\">\n\t\t<div class=\"form-group\">\n\t\t\t<div class=\"form-label-small\">\n\t\t\t\t<p>Engine box type\n\t\t\t\t<\/p>\n\t\t\t<\/div>\n\t\t\t<p><span class=\"wpcf7-form-control-wrap\" data-name=\"tipo-caixa\"><select class=\"wpcf7-form-control wpcf7-select\" aria-invalid=\"false\" name=\"tipo-caixa\"><option value=\"\">&#8212;Please choose an option&#8212;<\/option><option value=\"Manual\">Manual<\/option><option value=\"Autom\u00e1tica\">Autom\u00e1tica<\/option><option value=\"Semi-autom\u00e1tica\">Semi-autom\u00e1tica<\/option><\/select><\/span>\n\t\t\t<\/p>\n\t\t<\/div>\n\t<\/div>\n\t<div class=\"col-md-4 col-sm-4\">\n\t\t<div class=\"form-group\">\n\t\t\t<div class=\"form-label-small\">\n\t\t\t\t<p>Vehicle Mileage\n\t\t\t\t<\/p>\n\t\t\t<\/div>\n\t\t\t<p><span class=\"wpcf7-form-control-wrap\" data-name=\"quilometragem\"><input size=\"40\" maxlength=\"400\" class=\"wpcf7-form-control wpcf7-text\" aria-invalid=\"false\" placeholder=\"For example: 10000 km\" value=\"\" type=\"text\" name=\"quilometragem\" \/><\/span>\n\t\t\t<\/p>\n\t\t<\/div>\n\t<\/div>\n\t<div class=\"col-md-4 col-sm-4\">\n\t\t<div class=\"form-group\">\n\t\t\t<div class=\"form-label-small\">\n\t\t\t\t<p>Single owner?\n\t\t\t\t<\/p>\n\t\t\t<\/div>\n\t\t\t<p><span class=\"wpcf7-form-control-wrap\" data-name=\"proprietario-unico\"><select class=\"wpcf7-form-control wpcf7-select\" aria-invalid=\"false\" name=\"proprietario-unico\"><option value=\"\">&#8212;Please choose an option&#8212;<\/option><option value=\"Sim\">Sim<\/option><option value=\"N\u00e3o\">N\u00e3o<\/option><option value=\"N\u00e3o sei\">N\u00e3o sei<\/option><\/select><\/span>\n\t\t\t<\/p>\n\t\t<\/div>\n\t<\/div>\n\t<div class=\"col-md-4 col-sm-4\">\n\t\t<div class=\"form-group\">\n\t\t\t<div class=\"form-label-small\">\n\t\t\t\t<p>Smoker?\n\t\t\t\t<\/p>\n\t\t\t<\/div>\n\t\t\t<p><span class=\"wpcf7-form-control-wrap\" data-name=\"fumador\"><select class=\"wpcf7-form-control wpcf7-select\" aria-invalid=\"false\" name=\"fumador\"><option value=\"\">&#8212;Please choose an option&#8212;<\/option><option value=\"Sim\">Sim<\/option><option value=\"N\u00e3o\">N\u00e3o<\/option><option value=\"N\u00e3o sei\">N\u00e3o sei<\/option><\/select><\/span>\n\t\t\t<\/p>\n\t\t<\/div>\n\t<\/div>\n\t<div class=\"col-md-4 col-sm-4\">\n\t\t<div class=\"form-group\">\n\t\t\t<div class=\"form-label-small\">\n\t\t\t\t<p>Desired price\n\t\t\t\t<\/p>\n\t\t\t<\/div>\n\t\t\t<p><span class=\"wpcf7-form-control-wrap\" data-name=\"preco\"><input size=\"40\" maxlength=\"400\" class=\"wpcf7-form-control wpcf7-text\" aria-invalid=\"false\" placeholder=\"For example: 10000 \u20ac\" value=\"\" type=\"text\" name=\"preco\" \/><\/span>\n\t\t\t<\/p>\n\t\t<\/div>\n\t<\/div>\n\t<div class=\"col-md-4 col-sm-4\">\n\t\t<div class=\"form-group\">\n\t\t\t<div class=\"form-label-small\">\n\t\t\t\t<p>Color of the car\n\t\t\t\t<\/p>\n\t\t\t<\/div>\n\t\t\t<p><span class=\"wpcf7-form-control-wrap\" data-name=\"cor\"><input size=\"40\" maxlength=\"400\" class=\"wpcf7-form-control wpcf7-text\" aria-invalid=\"false\" placeholder=\"For example: Black\" value=\"\" type=\"text\" name=\"cor\" \/><\/span>\n\t\t\t<\/p>\n\t\t<\/div>\n\t<\/div>\n\t<div class=\"col-md-4 col-sm-4\">\n\t\t<div class=\"form-group\">\n\t\t\t<div class=\"form-label-small\">\n\t\t\t\t<p>Car Photo\n\t\t\t\t<\/p>\n\t\t\t<\/div>\n\t\t\t<p><span class=\"wpcf7-form-control-wrap\" data-name=\"fotografia\"><input size=\"40\" class=\"wpcf7-form-control wpcf7-file stm-file-realfield\" accept=\".gif,.png,.jpg,.jpeg\" aria-invalid=\"false\" type=\"file\" name=\"fotografia\" \/><\/span>\n\t\t\t<\/p>\n\t\t\t<div class=\"stm-form-alert\" style=\"font-size:11px; font-weight:500; margin-top:-10px;\">\n\t\t\t\t<p>Tamanho m\u00e1ximo do ficheiro: 2mb.<br \/>\nSupported formats: GIF, PNG, JPG and JPEG.\n\t\t\t\t<\/p>\n\t\t\t<\/div>\n\t\t<\/div>\n\t<\/div>\n<\/div>\n<div class=\"row\">\n\t<div class=\"col-md-12 col-sm-12\" style=\"margin-top:30px;\">\n\t\t<h3 class=\"form-retoma-titulo\"><span class=\"sell-your-car-number\" style=\"color:#E11F26\">2 |<\/span> Car condition\n\t\t<\/h3>\n\t\t<p>Describe the general condition of your car and mention any extras.\n\t\t<\/p>\n\t<\/div>\n<\/div>\n<div class=\"row stm-forms-sm\">\n\t<div class=\"col-md-4 col-sm-4\">\n\t\t<div class=\"form-group\">\n\t\t\t<div class=\"form-label-small\">\n\t\t\t\t<p>Outer condition\n\t\t\t\t<\/p>\n\t\t\t<\/div>\n\t\t\t<p><span class=\"wpcf7-form-control-wrap\" data-name=\"condicao-exterior\"><select class=\"wpcf7-form-control wpcf7-select\" aria-invalid=\"false\" name=\"condicao-exterior\"><option value=\"\">&#8212;Please choose an option&#8212;<\/option><option value=\"Excelente\">Excelente<\/option><option value=\"Muito boa\">Muito boa<\/option><option value=\"Com sinais de uso\">Com sinais de uso<\/option><option value=\"N\u00e3o sei\">N\u00e3o sei<\/option><\/select><\/span>\n\t\t\t<\/p>\n\t\t<\/div>\n\t<\/div>\n\t<div class=\"col-md-4 col-sm-4\">\n\t\t<div class=\"form-group\">\n\t\t\t<div class=\"form-label-small\">\n\t\t\t\t<p>Inner condition\n\t\t\t\t<\/p>\n\t\t\t<\/div>\n\t\t\t<p><span class=\"wpcf7-form-control-wrap\" data-name=\"condicao-interior\"><select class=\"wpcf7-form-control wpcf7-select\" aria-invalid=\"false\" name=\"condicao-interior\"><option value=\"\">&#8212;Please choose an option&#8212;<\/option><option value=\"Excelente\">Excelente<\/option><option value=\"Muito boa\">Muito boa<\/option><option value=\"Com sinais de uso\">Com sinais de uso<\/option><option value=\"N\u00e3o sei\">N\u00e3o sei<\/option><\/select><\/span>\n\t\t\t<\/p>\n\t\t<\/div>\n\t<\/div>\n\t<div class=\"col-md-4 col-sm-4\">\n\t\t<div class=\"form-group\">\n\t\t\t<div class=\"form-label-small\">\n\t\t\t\t<p>Has the vehicle had an accident?\n\t\t\t\t<\/p>\n\t\t\t<\/div>\n\t\t\t<p><span class=\"wpcf7-form-control-wrap\" data-name=\"acidente-veiculo\"><select class=\"wpcf7-form-control wpcf7-select\" aria-invalid=\"false\" name=\"acidente-veiculo\"><option value=\"\">&#8212;Please choose an option&#8212;<\/option><option value=\"Sim\">Sim<\/option><option value=\"N\u00e3o\">N\u00e3o<\/option><option value=\"N\u00e3o sei\">N\u00e3o sei<\/option><\/select><\/span>\n\t\t\t<\/p>\n\t\t<\/div>\n\t<\/div>\n\t<div class=\"col-md-12 col-sm-12\">\n\t\t<div class=\"form-group\">\n\t\t\t<div class=\"form-label-small\">\n\t\t\t\t<p>Additional comments\n\t\t\t\t<\/p>\n\t\t\t<\/div>\n\t\t\t<p><span class=\"wpcf7-form-control-wrap\" data-name=\"comentarios-condicao-geral-viatura\"><textarea cols=\"40\" rows=\"10\" maxlength=\"2000\" class=\"wpcf7-form-control wpcf7-textarea\" aria-invalid=\"false\" placeholder=\"Describe the general condition of your car and mention any extras.\" name=\"comentarios-condicao-geral-viatura\"><\/textarea><\/span>\n\t\t\t<\/p>\n\t\t<\/div>\n\t<\/div>\n<\/div>\n<div class=\"row\">\n\t<div class=\"col-md-12 col-sm-12\" style=\"margin-top:30px;\">\n\t\t<h3 class=\"form-retoma-titulo\"><span class=\"sell-your-car-number\" style=\"color:#E11F26\">3 |<\/span> Contact Details\n\t\t<\/h3>\n\t\t<p>Your contact information.\n\t\t<\/p>\n\t<\/div>\n<\/div>\n<div class=\"row stm-forms-sm\">\n\t<div class=\"col-md-12 col-sm-12\">\n\t\t<div class=\"form-group\">\n\t\t\t<div class=\"form-label-small\">\n\t\t\t\t<p>Full Name <sup>*<\/sup>\n\t\t\t\t<\/p>\n\t\t\t<\/div>\n\t\t\t<p><span class=\"wpcf7-form-control-wrap\" data-name=\"nome-completo\"><input size=\"40\" maxlength=\"400\" class=\"wpcf7-form-control wpcf7-text wpcf7-validates-as-required\" aria-required=\"true\" aria-invalid=\"false\" value=\"\" type=\"text\" name=\"nome-completo\" \/><\/span>\n\t\t\t<\/p>\n\t\t<\/div>\n\t<\/div>\n\t<div class=\"col-md-6 col-sm-6\">\n\t\t<div class=\"form-group\">\n\t\t\t<div class=\"form-label-small\">\n\t\t\t\t<p>Email Address <sup>*<\/sup>\n\t\t\t\t<\/p>\n\t\t\t<\/div>\n\t\t\t<p><span class=\"wpcf7-form-control-wrap\" data-name=\"your-email\"><input size=\"40\" maxlength=\"400\" class=\"wpcf7-form-control wpcf7-email wpcf7-validates-as-required wpcf7-text wpcf7-validates-as-email\" aria-required=\"true\" aria-invalid=\"false\" value=\"\" type=\"email\" name=\"your-email\" \/><\/span>\n\t\t\t<\/p>\n\t\t<\/div>\n\t<\/div>\n\t<div class=\"col-md-6 col-sm-6\">\n\t\t<div class=\"form-group\">\n\t\t\t<div class=\"form-label-small\">\n\t\t\t\t<p>Phone\/Mobile <sup>*<\/sup>\n\t\t\t\t<\/p>\n\t\t\t<\/div>\n\t\t\t<p><span class=\"wpcf7-form-control-wrap\" data-name=\"telefone\"><input size=\"40\" maxlength=\"400\" class=\"wpcf7-form-control wpcf7-tel wpcf7-validates-as-required wpcf7-text wpcf7-validates-as-tel\" aria-required=\"true\" aria-invalid=\"false\" value=\"\" type=\"tel\" name=\"telefone\" \/><\/span>\n\t\t\t<\/p>\n\t\t<\/div>\n\t<\/div>\n\t<div class=\"col-md-6 col-sm-6\">\n\t\t<div class=\"form-group\">\n\t\t\t<div class=\"form-label-small\">\n\t\t\t\t<p>Location <sup>*<\/sup>\n\t\t\t\t<\/p>\n\t\t\t<\/div>\n\t\t\t<p><span class=\"wpcf7-form-control-wrap\" data-name=\"localidade\"><input size=\"40\" maxlength=\"400\" class=\"wpcf7-form-control wpcf7-text wpcf7-validates-as-required\" aria-required=\"true\" aria-invalid=\"false\" value=\"\" type=\"text\" name=\"localidade\" \/><\/span>\n\t\t\t<\/p>\n\t\t<\/div>\n\t<\/div>\n\t<div class=\"col-md-12 col-sm-12\">\n\t\t<div class=\"form-group\">\n\t\t\t<div class=\"form-label-small\">\n\t\t\t\t<p>Additional Information\n\t\t\t\t<\/p>\n\t\t\t<\/div>\n\t\t\t<p><span class=\"wpcf7-form-control-wrap\" data-name=\"mensagem\"><textarea cols=\"40\" rows=\"10\" maxlength=\"2000\" class=\"wpcf7-form-control wpcf7-textarea\" aria-invalid=\"false\" name=\"mensagem\"><\/textarea><\/span>\n\t\t\t<\/p>\n\t\t\t<div class=\"stm-form-alert\" style=\"font-size:11px; font-weight:500;\">\n\t\t\t\t<p>Fields marked with an asterisk (*) are required.\n\t\t\t\t<\/p>\n\t\t\t<\/div>\n\t\t<\/div>\n\t<\/div>\n<\/div>\n<div class=\"row\">\n\t<div class=\"col-md-12 col-sm-12\" style=\"font-size:11px; font-weight:500;\">\n\t\t<p><span class=\"wpcf7-form-control-wrap\" data-name=\"rgpd-acceptance\"><span class=\"wpcf7-form-control wpcf7-acceptance\"><span class=\"wpcf7-list-item\"><label><input type=\"checkbox\" name=\"rgpd-acceptance\" value=\"1\" aria-invalid=\"false\" \/><span class=\"wpcf7-list-item-label\">I confirm that I have read, understood and consent to the collection and processing of the data entered in the form in accordance with the privacy policy.<\/span><\/label><\/span><\/span><\/span>\n\t\t<\/p>\n\t<\/div>\n<\/div>\n<div class=\"row\">\n\t<div class=\"col-md-12 col-sm-12\">\n\t\t<p><input class=\"wpcf7-form-control wpcf7-submit has-spinner\" id=\"submit\" type=\"submit\" value=\"Send Message\" \/>\n\t\t<\/p>\n\t<\/div>\n<\/div><div class=\"wpcf7-response-output\" aria-hidden=\"true\"><\/div>\n<input type=\"hidden\" name=\"trp-form-language\" value=\"en\"\/><\/form>\n<\/div>\n<\/div>\r\n\t\t\t\t<\/div>\n\t\t\t\t<\/div>\n\t\t\t\t\t<\/div>\n\t\t<\/div>\n\t\t\t\t\t<\/div>\n\t\t<\/section>\n\t\t\t\t\t<\/div>\n\t\t<\/div>\n\t\t\t\t\t<\/div>\n\t\t<\/section>\n\t\t\t\t<section class=\"elementor-section elementor-top-section elementor-element elementor-element-edb8508 elementor-section-content-middle elementor-section-boxed elementor-section-height-default elementor-section-height-default\" data-id=\"edb8508\" data-element_type=\"section\" data-e-type=\"section\" data-settings=\"{&quot;background_background&quot;:&quot;classic&quot;}\">\n\t\t\t\t\t\t<div class=\"elementor-container elementor-column-gap-default\">\n\t\t\t\t\t<div class=\"elementor-column elementor-col-50 elementor-top-column elementor-element elementor-element-e7339fc\" data-id=\"e7339fc\" data-element_type=\"column\" data-e-type=\"column\">\n\t\t\t<div class=\"elementor-widget-wrap elementor-element-populated\">\n\t\t\t\t\t\t<div class=\"elementor-element elementor-element-7c33ace elementor-widget elementor-widget-heading\" data-id=\"7c33ace\" data-element_type=\"widget\" data-e-type=\"widget\" data-widget_type=\"heading.default\">\n\t\t\t\t<div class=\"elementor-widget-container\">\n\t\t\t\t\t<h3 class=\"elementor-heading-title elementor-size-default\">Subscribe<br>\nour Newsletter<\/h3>\t\t\t\t<\/div>\n\t\t\t\t<\/div>\n\t\t\t\t<div class=\"elementor-element elementor-element-e7edd0f elementor-widget__width-initial elementor-widget-tablet__width-inherit elementor-widget-mobile__width-initial vehica-newsletter-subtitle elementor-widget elementor-widget-text-editor\" data-id=\"e7edd0f\" data-element_type=\"widget\" data-e-type=\"widget\" data-widget_type=\"text-editor.default\">\n\t\t\t\t<div class=\"elementor-widget-container\">\n\t\t\t\t\t\t\t\t\tAnd receive our news and discounts first hand.\t\t\t\t\t\t\t\t<\/div>\n\t\t\t\t<\/div>\n\t\t\t\t\t<\/div>\n\t\t<\/div>\n\t\t\t\t<div class=\"elementor-column elementor-col-50 elementor-top-column elementor-element elementor-element-3130f58\" data-id=\"3130f58\" data-element_type=\"column\" data-e-type=\"column\">\n\t\t\t<div class=\"elementor-widget-wrap elementor-element-populated\">\n\t\t\t\t\t\t<div class=\"elementor-element elementor-element-81cf4ef elementor-align-center elementor-widget elementor-widget-button\" data-id=\"81cf4ef\" data-element_type=\"widget\" data-e-type=\"widget\" data-widget_type=\"button.default\">\n\t\t\t\t<div class=\"elementor-widget-container\">\n\t\t\t\t\t\t\t\t\t<div class=\"elementor-button-wrapper\">\n\t\t\t\t\t<a class=\"elementor-button elementor-button-link elementor-size-sm elementor-animation-grow\" href=\"http:\/\/eepurl.com\/gsBH0T\" target=\"_blank\">\n\t\t\t\t\t\t<span class=\"elementor-button-content-wrapper\">\n\t\t\t\t\t\t\t\t\t<span class=\"elementor-button-text\">Subscribe Newsletter<\/span>\n\t\t\t\t\t<\/span>\n\t\t\t\t\t<\/a>\n\t\t\t\t<\/div>\n\t\t\t\t\t\t\t\t<\/div>\n\t\t\t\t<\/div>\n\t\t\t\t<div class=\"elementor-element elementor-element-d0bfb4c elementor-widget__width-initial elementor-widget-tablet__width-inherit elementor-widget-mobile__width-initial vehica-newsletter-subtitle elementor-widget elementor-widget-text-editor\" data-id=\"d0bfb4c\" data-element_type=\"widget\" data-e-type=\"widget\" data-widget_type=\"text-editor.default\">\n\t\t\t\t<div class=\"elementor-widget-container\">\n\t\t\t\t\t\t\t\t\t<p>You will be redirected to a subscription page<\/p>\t\t\t\t\t\t\t\t<\/div>\n\t\t\t\t<\/div>\n\t\t\t\t\t<\/div>\n\t\t<\/div>\n\t\t\t\t\t<\/div>\n\t\t<\/section>\n\t\t\t\t<\/div>","protected":false},"excerpt":{"rendered":"<p>AVALIE A SUA RETOMA NA PEREIRA &amp; GAGO Est\u00e1 a pensar em trocar o seu autom\u00f3vel e desfazer-se do antigo? Avalie a Sua Retoma! Entre em contacto connosco, n\u00f3s podemos ajudar a realizar a troca que pretende! No stand Pereira e Gago comercializamos todos os tipos de carros semi-novos e usados. O nosso m\u00e9todo de\u00a0avalia\u00e7\u00e3o [&hellip;]<\/p>\n","protected":false},"author":2,"featured_media":0,"parent":0,"menu_order":0,"comment_status":"closed","ping_status":"closed","template":"","meta":{"footnotes":""},"class_list":["post-21745","page","type-page","status-publish","hentry"],"aioseo_notices":[],"_links":{"self":[{"href":"https:\/\/pereiraegago.pt\/en\/wp-json\/wp\/v2\/pages\/21745","targetHints":{"allow":["GET"]}}],"collection":[{"href":"https:\/\/pereiraegago.pt\/en\/wp-json\/wp\/v2\/pages"}],"about":[{"href":"https:\/\/pereiraegago.pt\/en\/wp-json\/wp\/v2\/types\/page"}],"author":[{"embeddable":true,"href":"https:\/\/pereiraegago.pt\/en\/wp-json\/wp\/v2\/users\/2"}],"replies":[{"embeddable":true,"href":"https:\/\/pereiraegago.pt\/en\/wp-json\/wp\/v2\/comments?post=21745"}],"version-history":[{"count":0,"href":"https:\/\/pereiraegago.pt\/en\/wp-json\/wp\/v2\/pages\/21745\/revisions"}],"wp:attachment":[{"href":"https:\/\/pereiraegago.pt\/en\/wp-json\/wp\/v2\/media?parent=21745"}],"curies":[{"name":"wp","href":"https:\/\/api.w.org\/{rel}","templated":true}]}}