{"id":21593,"date":"2023-01-17T14:36:42","date_gmt":"2023-01-17T14:36:42","guid":{"rendered":"https:\/\/pereiraegago.pt\/?page_id=21593"},"modified":"2023-03-03T18:45:14","modified_gmt":"2023-03-03T18:45:14","slug":"noticias","status":"publish","type":"page","link":"https:\/\/pereiraegago.pt\/en\/noticias\/","title":{"rendered":"News"},"content":{"rendered":"<div data-elementor-type=\"wp-post\" data-elementor-id=\"21593\" class=\"elementor elementor-21593\">\n\t\t\t\t\t\t<section class=\"elementor-section elementor-top-section elementor-element elementor-element-ba1bd48 elementor-section-full_width elementor-section-height-min-height elementor-section-height-default elementor-section-items-middle\" data-id=\"ba1bd48\" data-element_type=\"section\" data-e-type=\"section\" data-settings=\"{&quot;background_background&quot;:&quot;classic&quot;}\">\n\t\t\t\t\t\t<div class=\"elementor-container elementor-column-gap-default\">\n\t\t\t\t\t<div class=\"elementor-column elementor-col-100 elementor-top-column elementor-element elementor-element-627910c\" data-id=\"627910c\" data-element_type=\"column\" data-e-type=\"column\">\n\t\t\t<div class=\"elementor-widget-wrap\">\n\t\t\t\t\t\t\t<\/div>\n\t\t<\/div>\n\t\t\t\t\t<\/div>\n\t\t<\/section>\n\t\t\t\t<section class=\"elementor-section elementor-top-section elementor-element elementor-element-6509ce9 elementor-section-boxed elementor-section-height-default elementor-section-height-default\" data-id=\"6509ce9\" data-element_type=\"section\" data-e-type=\"section\" data-settings=\"{&quot;background_background&quot;:&quot;classic&quot;}\">\n\t\t\t\t\t\t<div class=\"elementor-container elementor-column-gap-default\">\n\t\t\t\t\t<div class=\"elementor-column elementor-col-100 elementor-top-column elementor-element elementor-element-bc08349\" data-id=\"bc08349\" data-element_type=\"column\" data-e-type=\"column\">\n\t\t\t<div class=\"elementor-widget-wrap elementor-element-populated\">\n\t\t\t\t\t\t<div class=\"elementor-element elementor-element-98f0771 elementor-widget elementor-widget-heading\" data-id=\"98f0771\" data-element_type=\"widget\" data-e-type=\"widget\" data-widget_type=\"heading.default\">\n\t\t\t\t<div class=\"elementor-widget-container\">\n\t\t\t\t\t<h2 class=\"elementor-heading-title elementor-size-default\">News<\/h2>\t\t\t\t<\/div>\n\t\t\t\t<\/div>\n\t\t\t\t<div class=\"elementor-element elementor-element-49e214f elementor-widget elementor-widget-spacer\" data-id=\"49e214f\" data-element_type=\"widget\" data-e-type=\"widget\" data-widget_type=\"spacer.default\">\n\t\t\t\t<div class=\"elementor-widget-container\">\n\t\t\t\t\t\t\t<div class=\"elementor-spacer\">\n\t\t\t<div class=\"elementor-spacer-inner\"><\/div>\n\t\t<\/div>\n\t\t\t\t\t\t<\/div>\n\t\t\t\t<\/div>\n\t\t\t\t<div class=\"elementor-element elementor-element-dd28283 elementor-widget elementor-widget-vehica_posts_general_widget\" data-id=\"dd28283\" data-element_type=\"widget\" data-e-type=\"widget\" data-settings=\"{&quot;vehica_car_list_column_gap&quot;:{&quot;unit&quot;:&quot;px&quot;,&quot;size&quot;:22,&quot;sizes&quot;:[]},&quot;vehica_per_row&quot;:&quot;1of3&quot;,&quot;vehica_per_row_tablet&quot;:&quot;1of1&quot;,&quot;vehica_per_row_mobile&quot;:&quot;1of1&quot;,&quot;vehica_car_list_column_gap_tablet&quot;:{&quot;unit&quot;:&quot;px&quot;,&quot;size&quot;:&quot;&quot;,&quot;sizes&quot;:[]},&quot;vehica_car_list_column_gap_mobile&quot;:{&quot;unit&quot;:&quot;px&quot;,&quot;size&quot;:&quot;&quot;,&quot;sizes&quot;:[]}}\" data-widget_type=\"vehica_posts_general_widget.default\">\n\t\t\t\t<div class=\"elementor-widget-container\">\n\t\t\t\t\t    <div class=\"vehica-posts vehica-posts--v2 vehica-grid vehica-posts--archive\">\r\n                    <div class=\"vehica-blog-card vehica-grid__element vehica-grid__element--1of3 vehica-grid__element--tablet-1of1 vehica-grid__element--mobile-1of1\">\r\n                <article class=\"vehica-blog-card__inner post-35906 post type-post status-publish format-standard has-post-thumbnail hentry category-noticias\">\r\n    <a\r\n            class=\"vehica-blog-card__image\"\r\n            href=\"https:\/\/pereiraegago.pt\/en\/mais-obitos-na-estrada-portugal-falha-metas-da-ue\/\"\r\n            title=\"Mais \u00f3bitos na estrada? Portugal falha metas da UE\"\r\n    >\r\n                    <img decoding=\"async\"\r\n                    class=\"lazyload\"\r\n                    src=\"data:image\/gif;base64,R0lGODlhAQABAAAAACH5BAEKAAEALAAAAAABAAEAAAICTAEAOw==\"\r\n                    data-srcset=\"https:\/\/pereiraegago.pt\/wp-content\/uploads\/2025\/06\/tobias-tullius-O28V2m5p14E-unsplash_horz-1024x681.jpg 1024w, https:\/\/pereiraegago.pt\/wp-content\/uploads\/2025\/06\/tobias-tullius-O28V2m5p14E-unsplash_horz-300x199.jpg 300w, https:\/\/pereiraegago.pt\/wp-content\/uploads\/2025\/06\/tobias-tullius-O28V2m5p14E-unsplash_horz-768x510.jpg 768w, https:\/\/pereiraegago.pt\/wp-content\/uploads\/2025\/06\/tobias-tullius-O28V2m5p14E-unsplash_horz-1536x1021.jpg 1536w, https:\/\/pereiraegago.pt\/wp-content\/uploads\/2025\/06\/tobias-tullius-O28V2m5p14E-unsplash_horz-2048x1361.jpg 2048w, https:\/\/pereiraegago.pt\/wp-content\/uploads\/2025\/06\/tobias-tullius-O28V2m5p14E-unsplash_horz-18x12.jpg 18w, https:\/\/pereiraegago.pt\/wp-content\/uploads\/2025\/06\/tobias-tullius-O28V2m5p14E-unsplash_horz-165x110.jpg 165w\"\r\n                    data-sizes=\"auto\"\r\n                    alt=\"Mais \u00f3bitos na estrada? Portugal falha metas da UE\"\r\n            >\r\n            <div class=\"vehica-blog-card__image-mask\"><\/div>\r\n            <\/a>\r\n\r\n    <div class=\"vehica-blog-card__content\">\r\n\r\n        <h3 >\r\n            <a\r\n                    class=\"vehica-blog-card__title\"\r\n                    href=\"https:\/\/pereiraegago.pt\/en\/mais-obitos-na-estrada-portugal-falha-metas-da-ue\/\"\r\n                    title=\"Mais \u00f3bitos na estrada? Portugal falha metas da UE\"\r\n            >\r\n                Mais \u00f3bitos na estrada? Portugal falha metas da UE            <\/a>\r\n        <\/h3>\r\n\r\n        \r\n                    <div class=\"vehica-blog-card__excerpt\">\r\n                Na \u00faltima d\u00e9cada, as mortes nas estradas portuguesas passaram de 638 para\u2026 634. Esta \u00e9 a realidade revelada pelo mais...            <\/div>\r\n        \r\n                    <div class=\"vehica-blog-card-v2__button-wrapper\">\r\n                <a\r\n                        class=\"vehica-button\"\r\n                        href=\"https:\/\/pereiraegago.pt\/en\/mais-obitos-na-estrada-portugal-falha-metas-da-ue\/\"\r\n                        title=\"Mais \u00f3bitos na estrada? Portugal falha metas da UE\"\r\n                >\r\n                    Read More                <\/a>\r\n            <\/div>\r\n            <\/div>\r\n<\/article>\r\n            <\/div>\r\n                    <div class=\"vehica-blog-card vehica-grid__element vehica-grid__element--1of3 vehica-grid__element--tablet-1of1 vehica-grid__element--mobile-1of1\">\r\n                <article class=\"vehica-blog-card__inner post-28453 post type-post status-publish format-standard has-post-thumbnail hentry category-noticias\">\r\n    <a\r\n            class=\"vehica-blog-card__image\"\r\n            href=\"https:\/\/pereiraegago.pt\/en\/andar-na-reserva-de-combustivel-danifica-o-automovel\/\"\r\n            title=\"Andar na reserva de combust\u00edvel danifica o autom\u00f3vel?\"\r\n    >\r\n                    <img decoding=\"async\"\r\n                    class=\"lazyload\"\r\n                    src=\"data:image\/gif;base64,R0lGODlhAQABAAAAACH5BAEKAAEALAAAAAABAAEAAAICTAEAOw==\"\r\n                    data-srcset=\"https:\/\/pereiraegago.pt\/wp-content\/uploads\/2023\/07\/gas-tank-car-close-up-photo-1024x683.jpg 1024w, https:\/\/pereiraegago.pt\/wp-content\/uploads\/2023\/07\/gas-tank-car-close-up-photo-300x200.jpg 300w, https:\/\/pereiraegago.pt\/wp-content\/uploads\/2023\/07\/gas-tank-car-close-up-photo-768x512.jpg 768w, https:\/\/pereiraegago.pt\/wp-content\/uploads\/2023\/07\/gas-tank-car-close-up-photo-1536x1024.jpg 1536w, https:\/\/pereiraegago.pt\/wp-content\/uploads\/2023\/07\/gas-tank-car-close-up-photo-2048x1366.jpg 2048w, https:\/\/pereiraegago.pt\/wp-content\/uploads\/2023\/07\/gas-tank-car-close-up-photo-18x12.jpg 18w, https:\/\/pereiraegago.pt\/wp-content\/uploads\/2023\/07\/gas-tank-car-close-up-photo-165x110.jpg 165w\"\r\n                    data-sizes=\"auto\"\r\n                    alt=\"Andar na reserva de combust\u00edvel danifica o autom\u00f3vel?\"\r\n            >\r\n            <div class=\"vehica-blog-card__image-mask\"><\/div>\r\n            <\/a>\r\n\r\n    <div class=\"vehica-blog-card__content\">\r\n\r\n        <h3 >\r\n            <a\r\n                    class=\"vehica-blog-card__title\"\r\n                    href=\"https:\/\/pereiraegago.pt\/en\/andar-na-reserva-de-combustivel-danifica-o-automovel\/\"\r\n                    title=\"Andar na reserva de combust\u00edvel danifica o autom\u00f3vel?\"\r\n            >\r\n                Andar na reserva de combust\u00edvel danifica o autom\u00f3vel?            <\/a>\r\n        <\/h3>\r\n\r\n        \r\n                    <div class=\"vehica-blog-card__excerpt\">\r\n                O que \u00e9 a reserva? Quando a luz de reserva de combust\u00edvel acende, sabemos que vamos ter de colocar combust\u00edvel...            <\/div>\r\n        \r\n                    <div class=\"vehica-blog-card-v2__button-wrapper\">\r\n                <a\r\n                        class=\"vehica-button\"\r\n                        href=\"https:\/\/pereiraegago.pt\/en\/andar-na-reserva-de-combustivel-danifica-o-automovel\/\"\r\n                        title=\"Andar na reserva de combust\u00edvel danifica o autom\u00f3vel?\"\r\n                >\r\n                    Read More                <\/a>\r\n            <\/div>\r\n            <\/div>\r\n<\/article>\r\n            <\/div>\r\n                    <div class=\"vehica-blog-card vehica-grid__element vehica-grid__element--1of3 vehica-grid__element--tablet-1of1 vehica-grid__element--mobile-1of1\">\r\n                <article class=\"vehica-blog-card__inner post-28410 post type-post status-publish format-standard hentry category-noticias\">\r\n    <a\r\n            class=\"vehica-blog-card__image\"\r\n            href=\"https:\/\/pereiraegago.pt\/en\/ar-condicionado-vs-janelas-abertas-qual-gasta-mais-combustivel\/\"\r\n            title=\"Ar condicionado vs janelas abertas. Qual gasta mais combust\u00edvel?\"\r\n    >\r\n                    <div class=\"vehica-blog-card__image-placeholder\"><\/div>\r\n            <\/a>\r\n\r\n    <div class=\"vehica-blog-card__content\">\r\n\r\n        <h3 >\r\n            <a\r\n                    class=\"vehica-blog-card__title\"\r\n                    href=\"https:\/\/pereiraegago.pt\/en\/ar-condicionado-vs-janelas-abertas-qual-gasta-mais-combustivel\/\"\r\n                    title=\"Ar condicionado vs janelas abertas. Qual gasta mais combust\u00edvel?\"\r\n            >\r\n                Ar condicionado vs janelas abertas. Qual gasta mais combust\u00edvel?            <\/a>\r\n        <\/h3>\r\n\r\n        \r\n                    <div class=\"vehica-blog-card__excerpt\">\r\n                O ar condicionado \u00e9 um aliado de peso para combater as temperaturas mais altas do ver\u00e3o, mas sabiam que este...            <\/div>\r\n        \r\n                    <div class=\"vehica-blog-card-v2__button-wrapper\">\r\n                <a\r\n                        class=\"vehica-button\"\r\n                        href=\"https:\/\/pereiraegago.pt\/en\/ar-condicionado-vs-janelas-abertas-qual-gasta-mais-combustivel\/\"\r\n                        title=\"Ar condicionado vs janelas abertas. Qual gasta mais combust\u00edvel?\"\r\n                >\r\n                    Read More                <\/a>\r\n            <\/div>\r\n            <\/div>\r\n<\/article>\r\n            <\/div>\r\n                    <div class=\"vehica-blog-card vehica-grid__element vehica-grid__element--1of3 vehica-grid__element--tablet-1of1 vehica-grid__element--mobile-1of1\">\r\n                <article class=\"vehica-blog-card__inner post-26908 post type-post status-publish format-standard has-post-thumbnail hentry category-noticias\">\r\n    <a\r\n            class=\"vehica-blog-card__image\"\r\n            href=\"https:\/\/pereiraegago.pt\/en\/ii-feira-automovel-pereira-gago\/\"\r\n            title=\"II Feira Autom\u00f3vel Pereira &amp; Gago\"\r\n    >\r\n                    <img decoding=\"async\"\r\n                    class=\"lazyload\"\r\n                    src=\"data:image\/gif;base64,R0lGODlhAQABAAAAACH5BAEKAAEALAAAAAABAAEAAAICTAEAOw==\"\r\n                    data-srcset=\"https:\/\/pereiraegago.pt\/wp-content\/uploads\/2023\/04\/DSC05081-1024x683.jpg 1024w, https:\/\/pereiraegago.pt\/wp-content\/uploads\/2023\/04\/DSC05081-300x200.jpg 300w, https:\/\/pereiraegago.pt\/wp-content\/uploads\/2023\/04\/DSC05081-768x512.jpg 768w, https:\/\/pereiraegago.pt\/wp-content\/uploads\/2023\/04\/DSC05081-1536x1024.jpg 1536w, https:\/\/pereiraegago.pt\/wp-content\/uploads\/2023\/04\/DSC05081-2048x1365.jpg 2048w, https:\/\/pereiraegago.pt\/wp-content\/uploads\/2023\/04\/DSC05081-18x12.jpg 18w, https:\/\/pereiraegago.pt\/wp-content\/uploads\/2023\/04\/DSC05081-165x110.jpg 165w\"\r\n                    data-sizes=\"auto\"\r\n                    alt=\"II Feira Autom\u00f3vel Pereira &amp; Gago\"\r\n            >\r\n            <div class=\"vehica-blog-card__image-mask\"><\/div>\r\n            <\/a>\r\n\r\n    <div class=\"vehica-blog-card__content\">\r\n\r\n        <h3 >\r\n            <a\r\n                    class=\"vehica-blog-card__title\"\r\n                    href=\"https:\/\/pereiraegago.pt\/en\/ii-feira-automovel-pereira-gago\/\"\r\n                    title=\"II Feira Autom\u00f3vel Pereira &amp; Gago\"\r\n            >\r\n                II Feira Autom\u00f3vel Pereira &amp; Gago            <\/a>\r\n        <\/h3>\r\n\r\n        \r\n                    <div class=\"vehica-blog-card__excerpt\">\r\n                No passado fim-de-semana realiz\u00e1mos a II Feira Autom\u00f3vel Pereira &amp; Gago. Foram meses de prepara\u00e7\u00e3o que culminaram numa grande festa....            <\/div>\r\n        \r\n                    <div class=\"vehica-blog-card-v2__button-wrapper\">\r\n                <a\r\n                        class=\"vehica-button\"\r\n                        href=\"https:\/\/pereiraegago.pt\/en\/ii-feira-automovel-pereira-gago\/\"\r\n                        title=\"II Feira Autom\u00f3vel Pereira &amp; Gago\"\r\n                >\r\n                    Read More                <\/a>\r\n            <\/div>\r\n            <\/div>\r\n<\/article>\r\n            <\/div>\r\n                    <div class=\"vehica-blog-card vehica-grid__element vehica-grid__element--1of3 vehica-grid__element--tablet-1of1 vehica-grid__element--mobile-1of1\">\r\n                <article class=\"vehica-blog-card__inner post-24246 post type-post status-publish format-standard has-post-thumbnail hentry category-noticias\">\r\n    <a\r\n            class=\"vehica-blog-card__image\"\r\n            href=\"https:\/\/pereiraegago.pt\/en\/motorcast\/\"\r\n            title=\"Motorcast\"\r\n    >\r\n                    <img decoding=\"async\"\r\n                    class=\"lazyload\"\r\n                    src=\"data:image\/gif;base64,R0lGODlhAQABAAAAACH5BAEKAAEALAAAAAABAAEAAAICTAEAOw==\"\r\n                    data-srcset=\"https:\/\/pereiraegago.pt\/wp-content\/uploads\/2023\/02\/cofidis-1024x671.png 1024w, https:\/\/pereiraegago.pt\/wp-content\/uploads\/2023\/02\/cofidis-300x197.png 300w, https:\/\/pereiraegago.pt\/wp-content\/uploads\/2023\/02\/cofidis-768x503.png 768w, https:\/\/pereiraegago.pt\/wp-content\/uploads\/2023\/02\/cofidis-18x12.png 18w, https:\/\/pereiraegago.pt\/wp-content\/uploads\/2023\/02\/cofidis-165x108.png 165w, https:\/\/pereiraegago.pt\/wp-content\/uploads\/2023\/02\/cofidis.png 1096w\"\r\n                    data-sizes=\"auto\"\r\n                    alt=\"Motorcast\"\r\n            >\r\n            <div class=\"vehica-blog-card__image-mask\"><\/div>\r\n            <\/a>\r\n\r\n    <div class=\"vehica-blog-card__content\">\r\n\r\n        <h3 >\r\n            <a\r\n                    class=\"vehica-blog-card__title\"\r\n                    href=\"https:\/\/pereiraegago.pt\/en\/motorcast\/\"\r\n                    title=\"Motorcast\"\r\n            >\r\n                Motorcast            <\/a>\r\n        <\/h3>\r\n\r\n        \r\n                    <div class=\"vehica-blog-card__excerpt\">\r\n                Pereira &amp; Gago Stand, empresa especializada em venda e revenda de autom\u00f3veis, foi recentemente destacada em um epis\u00f3dio do podcast...            <\/div>\r\n        \r\n                    <div class=\"vehica-blog-card-v2__button-wrapper\">\r\n                <a\r\n                        class=\"vehica-button\"\r\n                        href=\"https:\/\/pereiraegago.pt\/en\/motorcast\/\"\r\n                        title=\"Motorcast\"\r\n                >\r\n                    Read More                <\/a>\r\n            <\/div>\r\n            <\/div>\r\n<\/article>\r\n            <\/div>\r\n            <\/div>\r\n\r\n\t\t\t\t<\/div>\n\t\t\t\t<\/div>\n\t\t\t\t\t<\/div>\n\t\t<\/div>\n\t\t\t\t\t<\/div>\n\t\t<\/section>\n\t\t\t\t<\/div>","protected":false},"excerpt":{"rendered":"<p>Not\u00edcias Motorcast Pereira &amp; Gago Stand, empresa especializada em venda e revenda de autom\u00f3veis, foi recentemente destacada em um epis\u00f3dio [&hellip;]<\/p>\n","protected":false},"author":2,"featured_media":0,"parent":0,"menu_order":0,"comment_status":"closed","ping_status":"closed","template":"","meta":{"footnotes":""},"class_list":["post-21593","page","type-page","status-publish","hentry"],"aioseo_notices":[],"_links":{"self":[{"href":"https:\/\/pereiraegago.pt\/en\/wp-json\/wp\/v2\/pages\/21593","targetHints":{"allow":["GET"]}}],"collection":[{"href":"https:\/\/pereiraegago.pt\/en\/wp-json\/wp\/v2\/pages"}],"about":[{"href":"https:\/\/pereiraegago.pt\/en\/wp-json\/wp\/v2\/types\/page"}],"author":[{"embeddable":true,"href":"https:\/\/pereiraegago.pt\/en\/wp-json\/wp\/v2\/users\/2"}],"replies":[{"embeddable":true,"href":"https:\/\/pereiraegago.pt\/en\/wp-json\/wp\/v2\/comments?post=21593"}],"version-history":[{"count":0,"href":"https:\/\/pereiraegago.pt\/en\/wp-json\/wp\/v2\/pages\/21593\/revisions"}],"wp:attachment":[{"href":"https:\/\/pereiraegago.pt\/en\/wp-json\/wp\/v2\/media?parent=21593"}],"curies":[{"name":"wp","href":"https:\/\/api.w.org\/{rel}","templated":true}]}}